{"id":73,"date":"2023-05-02T16:49:47","date_gmt":"2023-05-02T14:49:47","guid":{"rendered":"https:\/\/aceiteorovalle.com\/?post_type=product&#038;p=73"},"modified":"2026-03-20T10:29:47","modified_gmt":"2026-03-20T09:29:47","slug":"aceite-virgen-extra-intenso-1-l-caja-15-unidades-orovalle","status":"publish","type":"product","link":"https:\/\/aceiteorovalle.com\/fr\/produit\/aceite-virgen-extra-intenso-1-l-caja-15-unidades-orovalle\/","title":{"rendered":"EVOO 100% OROVALLE Intense - PET 1l"},"content":{"rendered":"<p>Valor Energ\u00e9tico\u00a0 \u00a0 \u00a0 \u00a0 900 Kcal.<br \/>\nProte\u00ednas\u00a0 \u00a0 \u00a0 \u00a0 \u00a0 \u00a0 \u00a0 \u00a0 \u00a0 \u00a00 gr.<br \/>\nHidratos de Carbono 0 gr.<br \/>\nGrasas\u00a0 \u00a0 \u00a0 \u00a0 \u00a0 \u00a0 \u00a0 \u00a0 \u00a0 \u00a0 \u00a0 \u00a0100 gr.<br \/>\nSaturadas\u00a0 \u00a0 \u00a0 \u00a0 \u00a0 \u00a0 \u00a0 \u00a0 \u00a0 14 gr.<br \/>\nMonosaturadas\u00a0 \u00a0 \u00a0 \u00a0 \u00a0 77 gr.<br \/>\nPolisaturadas\u00a0 \u00a0 \u00a0 \u00a0 \u00a0 \u00a0 \u00a09 gr.<br \/>\nColesterol\u00a0 \u00a0 \u00a0 \u00a0 \u00a0 \u00a0 \u00a0 \u00a0 \u00a0 \u00a00 gr.<br \/>\nVitamina E\u00a0 \u00a0 \u00a0 \u00a0 \u00a0 \u00a0 \u00a0 \u00a0 \u00a0 22 mg. (220% CDR)<\/p>","protected":false},"excerpt":{"rendered":"<p>Este Aceite de Oliva Virgen Extra proviene de diferentes variedades de aceitunas de la zona: picual, hojiblanca y gordal, entre otras. Se trata de un aceite temprano, de aceituna verde, cuya frescura e intensidad llegan directas al paladar, destacando su aroma a hierba reci\u00e9n cortada. Pinos del Valle se encuentra en un enclave privilegiado, en la comarca del Valle de Lecr\u00edn, entre Granada y la Costa Tropical. La bonanza clim\u00e1tica y la experiencia milenaria en el cultivo del olivo otorgan un valor excepcional a nuestros aceites. El aceite es cultivado con mimo por los agricultores locales y se elabora a trav\u00e9s de un proceso mec\u00e1nico en el que pervive la huella de nuestros ancestros. Los olivos conviven con otros cultivos asociados como los c\u00edtricos y otros frutales, lo cual se percibe en sus aromas y sabor. El AOVE intenso es rico en \u00e1cidos grasos oleicos muy beneficiosos para la salud. Se trata de un aceite de gran calidad extra\u00eddo en fr\u00edo, lo cual garantiza el mantenimiento \u00f3ptimo de sus propiedades organol\u00e9pticas. Es un aceite equilibrado de sabor frutado cuyos matices pueden ser variados, siendo los picantes y amargos m\u00e1s acentuados en el caso del aceite virgen extra intenso. Su sabor y su aroma mantienen los requerimientos justos para ofrecer un aceite excepcional.<\/p>","protected":false},"featured_media":354,"template":"","meta":{"_seopress_robots_primary_cat":"none","_seopress_titles_title":"","_seopress_titles_desc":"","_seopress_robots_index":"","_genesis_hide_title":false,"_genesis_hide_breadcrumbs":false,"_genesis_hide_singular_image":false,"_genesis_hide_footer_widgets":false,"_genesis_custom_body_class":"","_genesis_custom_post_class":"","_genesis_layout":""},"product_brand":[],"product_cat":[38,37,34],"product_tag":[],"class_list":{"0":"post-73","1":"product","2":"type-product","3":"status-publish","4":"has-post-thumbnail","6":"product_cat-1-litro","7":"product_cat-intenso","8":"product_cat-pet","9":"entry","11":"first","12":"instock","13":"shipping-taxable","14":"purchasable","15":"product-type-simple"},"acf":[],"_links":{"self":[{"href":"https:\/\/aceiteorovalle.com\/fr\/wp-json\/wp\/v2\/product\/73","targetHints":{"allow":["GET"]}}],"collection":[{"href":"https:\/\/aceiteorovalle.com\/fr\/wp-json\/wp\/v2\/product"}],"about":[{"href":"https:\/\/aceiteorovalle.com\/fr\/wp-json\/wp\/v2\/types\/product"}],"wp:featuredmedia":[{"embeddable":true,"href":"https:\/\/aceiteorovalle.com\/fr\/wp-json\/wp\/v2\/media\/354"}],"wp:attachment":[{"href":"https:\/\/aceiteorovalle.com\/fr\/wp-json\/wp\/v2\/media?parent=73"}],"wp:term":[{"taxonomy":"product_brand","embeddable":true,"href":"https:\/\/aceiteorovalle.com\/fr\/wp-json\/wp\/v2\/product_brand?post=73"},{"taxonomy":"product_cat","embeddable":true,"href":"https:\/\/aceiteorovalle.com\/fr\/wp-json\/wp\/v2\/product_cat?post=73"},{"taxonomy":"product_tag","embeddable":true,"href":"https:\/\/aceiteorovalle.com\/fr\/wp-json\/wp\/v2\/product_tag?post=73"}],"curies":[{"name":"wp","href":"https:\/\/api.w.org\/{rel}","templated":true}]}}