{"id":72,"date":"2023-05-02T16:48:44","date_gmt":"2023-05-02T14:48:44","guid":{"rendered":"https:\/\/aceiteorovalle.com\/?post_type=product&#038;p=72"},"modified":"2026-03-10T11:37:12","modified_gmt":"2026-03-10T10:37:12","slug":"aceite-virgen-extra-suave-1-l-caja-15-unidades-orovalle","status":"publish","type":"product","link":"https:\/\/aceiteorovalle.com\/fr\/produit\/aceite-virgen-extra-suave-1-l-caja-15-unidades-orovalle\/","title":{"rendered":"EVOO 100% Mild OROVALLE -PET 1l"},"content":{"rendered":"<p>Valor Energ\u00e9tico\u00a0 \u00a0 \u00a0 \u00a0 900 Kcal.<br \/>\nProte\u00ednas\u00a0 \u00a0 \u00a0 \u00a0 \u00a0 \u00a0 \u00a0 \u00a0 \u00a0 \u00a00 gr.<br \/>\nHidratos de Carbono 0 gr.<br \/>\nGrasas\u00a0 \u00a0 \u00a0 \u00a0 \u00a0 \u00a0 \u00a0 \u00a0 \u00a0 \u00a0 \u00a0 \u00a0100 gr.<br \/>\nSaturadas\u00a0 \u00a0 \u00a0 \u00a0 \u00a0 \u00a0 \u00a0 \u00a0 \u00a0 14 gr.<br \/>\nMonosaturadas\u00a0 \u00a0 \u00a0 \u00a0 \u00a0 77 gr.<br \/>\nPolisaturadas\u00a0 \u00a0 \u00a0 \u00a0 \u00a0 \u00a0 \u00a09 gr.<br \/>\nColesterol\u00a0 \u00a0 \u00a0 \u00a0 \u00a0 \u00a0 \u00a0 \u00a0 \u00a0 \u00a00 gr.<br \/>\nVitamina E\u00a0 \u00a0 \u00a0 \u00a0 \u00a0 \u00a0 \u00a0 \u00a0 \u00a0 22 mg. (220% CDR)<\/p>","protected":false},"excerpt":{"rendered":"<p><strong><span style=\"font-size: 14pt;color: #ff0000\">\u201cDebido al incremento de pedidos durante los per\u00edodos de descuentos, los plazos de entrega se ver\u00e1n afectados. Estamos trabajando para entregar cada pedido lo antes posible. \u00a1Gracias por su comprensi\u00f3n!\u201d<\/span><\/strong><\/p>\n<p>Este Aceite de Oliva Virgen Extra contiene una de nuestras variedades estrella \u00abla lech\u00edn de Granada\u00bb, la cual le otorga matices de mayor suavidad en nariz y boca. Las variedades picual, hojiblanca y gordal, tambi\u00e9n est\u00e1n presentes entre otras. Pinos del Valle se encuentra en un enclave privilegiado, en la comarca del Valle de Lecr\u00edn, entre Granada y la Costa Tropical. La bonanza clim\u00e1tica y la experiencia milenaria en el cultivo del olivo otorgan un valor excepcional a nuestros aceites. El aceite es cultivado con mimo por los agricultores locales y se elabora a trav\u00e9s de un proceso mec\u00e1nico en el que pervive la huella de nuestros ancestros. Los olivos conviven con otros cultivos asociados como los c\u00edtricos y otros frutales, lo cual se percibe en sus aromas y sabor. El AOVE intenso es rico en \u00e1cidos grasos oleicos muy beneficiosos para la salud. Se trata de un aceite de gran calidad extra\u00eddo en fr\u00edo, lo cual garantiza el mantenimiento \u00f3ptimo de sus propiedades organol\u00e9pticas. Es un aceite equilibrado de sabor frutado cuyos matices pueden ser variados, quedando los picantes y amargos levemente atenuados. Su sabor y su aroma mantienen los requerimientos justos para ofrecer un aceite excepcional.<\/p>","protected":false},"featured_media":354,"template":"","meta":{"_seopress_robots_primary_cat":"none","_seopress_titles_title":"","_seopress_titles_desc":"","_seopress_robots_index":"","_genesis_hide_title":false,"_genesis_hide_breadcrumbs":false,"_genesis_hide_singular_image":false,"_genesis_hide_footer_widgets":false,"_genesis_custom_body_class":"","_genesis_custom_post_class":"","_genesis_layout":""},"product_brand":[],"product_cat":[38,34,36],"product_tag":[],"class_list":{"0":"post-72","1":"product","2":"type-product","3":"status-publish","4":"has-post-thumbnail","6":"product_cat-1-litro","7":"product_cat-pet","8":"product_cat-suave","9":"entry","11":"first","12":"outofstock","13":"shipping-taxable","14":"purchasable","15":"product-type-simple"},"acf":[],"_links":{"self":[{"href":"https:\/\/aceiteorovalle.com\/fr\/wp-json\/wp\/v2\/product\/72","targetHints":{"allow":["GET"]}}],"collection":[{"href":"https:\/\/aceiteorovalle.com\/fr\/wp-json\/wp\/v2\/product"}],"about":[{"href":"https:\/\/aceiteorovalle.com\/fr\/wp-json\/wp\/v2\/types\/product"}],"wp:featuredmedia":[{"embeddable":true,"href":"https:\/\/aceiteorovalle.com\/fr\/wp-json\/wp\/v2\/media\/354"}],"wp:attachment":[{"href":"https:\/\/aceiteorovalle.com\/fr\/wp-json\/wp\/v2\/media?parent=72"}],"wp:term":[{"taxonomy":"product_brand","embeddable":true,"href":"https:\/\/aceiteorovalle.com\/fr\/wp-json\/wp\/v2\/product_brand?post=72"},{"taxonomy":"product_cat","embeddable":true,"href":"https:\/\/aceiteorovalle.com\/fr\/wp-json\/wp\/v2\/product_cat?post=72"},{"taxonomy":"product_tag","embeddable":true,"href":"https:\/\/aceiteorovalle.com\/fr\/wp-json\/wp\/v2\/product_tag?post=72"}],"curies":[{"name":"wp","href":"https:\/\/api.w.org\/{rel}","templated":true}]}}