{"id":262,"date":"2024-02-05T11:20:12","date_gmt":"2024-02-05T10:20:12","guid":{"rendered":"https:\/\/aceiteorovalle.com\/?post_type=product&#038;p=262"},"modified":"2026-01-03T11:31:10","modified_gmt":"2026-01-03T10:31:10","slug":"aove-sin-filtrar-100-intenso-orovalle-cristal-500-ml","status":"publish","type":"product","link":"https:\/\/aceiteorovalle.com\/fr\/produit\/aove-sin-filtrar-100-intenso-orovalle-cristal-500-ml\/","title":{"rendered":"AOVE SIN FILTRAR 100% Intenso OROVALLE -CRISTAL 500 ml"},"content":{"rendered":"<p>Valor Energ\u00e9tico\u00a0 \u00a0 \u00a0 \u00a0 900 Kcal.<br \/>\nProte\u00ednas\u00a0 \u00a0 \u00a0 \u00a0 \u00a0 \u00a0 \u00a0 \u00a0 \u00a0 \u00a00 gr.<br \/>\nHidratos de Carbono 0 gr.<br \/>\nGrasas\u00a0 \u00a0 \u00a0 \u00a0 \u00a0 \u00a0 \u00a0 \u00a0 \u00a0 \u00a0 \u00a0 \u00a0100 gr.<br \/>\nSaturadas\u00a0 \u00a0 \u00a0 \u00a0 \u00a0 \u00a0 \u00a0 \u00a0 \u00a0 14 gr.<br \/>\nMonosaturadas\u00a0 \u00a0 \u00a0 \u00a0 \u00a0 77 gr.<br \/>\nPolisaturadas\u00a0 \u00a0 \u00a0 \u00a0 \u00a0 \u00a0 \u00a09 gr.<br \/>\nColesterol\u00a0 \u00a0 \u00a0 \u00a0 \u00a0 \u00a0 \u00a0 \u00a0 \u00a0 \u00a00 gr.<br \/>\nVitamina E\u00a0 \u00a0 \u00a0 \u00a0 \u00a0 \u00a0 \u00a0 \u00a0 \u00a0 22 mg. (220% CDR)<\/p>","protected":false},"excerpt":{"rendered":"<p>Aceite de Oliva Virgen Extra sin filtrar, de extracci\u00f3n en fr\u00edo. Es un aceite de sabor intenso elaborado con las aceitunas tempranas de la zona. Las unidades producidas son limitadas, ya que este aceite proviene del jugo reci\u00e9n extra\u00eddo de la aceituna. Tiene, por lo tanto, un color verdoso y una apariencia m\u00e1s densa. Se recomienda consumir en crudo a la mayor brevedad posible para minimizar las impurezas que puedan aparecer con el paso del tiempo.<\/p>","protected":false},"featured_media":746,"template":"","meta":{"_seopress_robots_primary_cat":"none","_seopress_titles_title":"","_seopress_titles_desc":"","_seopress_robots_index":"","_genesis_hide_title":false,"_genesis_hide_breadcrumbs":false,"_genesis_hide_singular_image":false,"_genesis_hide_footer_widgets":false,"_genesis_custom_body_class":"","_genesis_custom_post_class":"","_genesis_layout":""},"product_brand":[],"product_cat":[32,37],"product_tag":[],"class_list":{"0":"post-262","1":"product","2":"type-product","3":"status-publish","4":"has-post-thumbnail","6":"product_cat-500ml","7":"product_cat-intenso","8":"entry","10":"first","11":"instock","12":"shipping-taxable","13":"purchasable","14":"product-type-simple"},"acf":[],"_links":{"self":[{"href":"https:\/\/aceiteorovalle.com\/fr\/wp-json\/wp\/v2\/product\/262","targetHints":{"allow":["GET"]}}],"collection":[{"href":"https:\/\/aceiteorovalle.com\/fr\/wp-json\/wp\/v2\/product"}],"about":[{"href":"https:\/\/aceiteorovalle.com\/fr\/wp-json\/wp\/v2\/types\/product"}],"wp:featuredmedia":[{"embeddable":true,"href":"https:\/\/aceiteorovalle.com\/fr\/wp-json\/wp\/v2\/media\/746"}],"wp:attachment":[{"href":"https:\/\/aceiteorovalle.com\/fr\/wp-json\/wp\/v2\/media?parent=262"}],"wp:term":[{"taxonomy":"product_brand","embeddable":true,"href":"https:\/\/aceiteorovalle.com\/fr\/wp-json\/wp\/v2\/product_brand?post=262"},{"taxonomy":"product_cat","embeddable":true,"href":"https:\/\/aceiteorovalle.com\/fr\/wp-json\/wp\/v2\/product_cat?post=262"},{"taxonomy":"product_tag","embeddable":true,"href":"https:\/\/aceiteorovalle.com\/fr\/wp-json\/wp\/v2\/product_tag?post=262"}],"curies":[{"name":"wp","href":"https:\/\/api.w.org\/{rel}","templated":true}]}}