{"id":328,"date":"2024-11-08T12:59:18","date_gmt":"2024-11-08T11:59:18","guid":{"rendered":"https:\/\/aceiteorovalle.com\/?page_id=328"},"modified":"2026-03-27T12:04:49","modified_gmt":"2026-03-27T11:04:49","slug":"premios","status":"publish","type":"page","link":"https:\/\/aceiteorovalle.com\/fr\/premios\/","title":{"rendered":"Premios"},"content":{"rendered":"<p>Nuestro aceite monovarietal<strong> lech\u00edn de Granada<\/strong> es un aceite \u00fanico que destaca por sus propiedades organol\u00e9pticas. El AOVE monovarietal de lech\u00edn de Orovalle ha sido reconocido con los siguientes premios:<\/p>\n\n\n\n<p><\/p>\n\n\n\n<ul class=\"wp-block-list\">\n<li>El galard\u00f3n oro en los Premios Mezquita 2023. <\/li>\n\n\n\n<li>Primer premio AOVE Sabor Granada 2024 a la \u201cMejor Producci\u00f3n Singular\u201d.<\/li>\n\n\n\n<li>Plata en la XI edici\u00f3n del Concurso Ib\u00e9rico AOVE 2024 \u201cPremios Mezquita\u201d<\/li>\n\n\n\n<li><strong>Bronce en la XII Edici\u00f3n del Concurso Ib\u00e9rico AOVE 2025 \u00abPremios Mezquita\u00bb.<\/strong><\/li>\n\n\n\n<li><\/li>\n<\/ul>\n\n\n\n<p>Los Premios Mezquita de aceites de oliva virgen extra (AOVE) est\u00e1n firmemente consolidados y gozan de gran prestigio a nivel andaluz. El aceite se erige como uno de los productos mejor valorados de nuestra tierra y conserva la huella de las civilizaciones que marcaron nuestra historia.<\/p>\n\n\n\n<p><\/p>\n\n\n\n<p>Esta actual campa\u00f1a ha sido reconocida tambi\u00e9n a nivel internacional con:<\/p>\n\n\n\n<ul class=\"wp-block-list\">\n<li><strong>Oro en los Premios Internacionales de Londres LIOOC 2025.<\/strong><\/li>\n\n\n\n<li><strong>Plata en los Premios Internacional de Jap\u00f3n JOOP Tokio 2025.<\/strong><\/li>\n\n\n\n<li><\/li>\n<\/ul>\n\n\n\n<p>La variedad lech\u00edn de Granada se caracteriza por su capacidad de adaptaci\u00f3n, que tolera el fr\u00edo y la sequ\u00eda. Su maduraci\u00f3n es tard\u00eda y sus frutos peque\u00f1os ofrecen gran resistencia al desprendimiento, por lo que su recolecci\u00f3n resulta dif\u00edcil y costosa. Presenta un buen rendimiento graso. Es un aceite de color amarillo p\u00e1lido, sabor dulce y muy fluido, de mucho renombre en la zona. Su sabor es frutado verde-maduro medio, retrogusto a aceituna madura, amargo ligero, picante medio, equilibrado. Un regalo para los cinco sentidos con notas a hierba fresca y un sabor incomparable. Adem\u00e1s de su peculiar sabor al paladar, su elevado \u00edndice de \u00e1cido oleico hace que nuestro oro l\u00edquido sea excepcional para una dieta saludable.<\/p>\n\n\n\n<p><\/p>\n\n\n\n<p>El Aceite Virgen Extra Orovalle se caracteriza por ser un monovarietal lech\u00edn de Granada. Su calidad est\u00e1 certificada por el laboratorio agroalimentario de la Junta de Andaluc\u00eda en Atarfe y certificado por el SEGE (Seminario de Estudios Gastron\u00f3micos y Enol\u00f3gicos) de la Universidad de Granada. Su originalidad proviene de la forma de cultivar los olivos centenarios del Valle de Lecr\u00edn, que alternan en los bancales con \u00e1rboles de c\u00edtricos y otros frutales. Esto otorga a nuestro aceite un sabor y aromas diferenciadores que le dan una personalidad \u00fanica.<\/p>","protected":false},"excerpt":{"rendered":"<p>Nuestro aceite monovarietal lech\u00edn de Granada es un aceite \u00fanico que destaca por sus propiedades organol\u00e9pticas. El AOVE monovarietal de lech\u00edn de Orovalle ha sido reconocido con los siguientes premios: Los Premios Mezquita de aceites de oliva virgen extra (AOVE) est\u00e1n firmemente consolidados y gozan de gran prestigio a nivel andaluz. El aceite se erige [&hellip;]<\/p>\n","protected":false},"author":65,"featured_media":778,"parent":0,"menu_order":0,"comment_status":"closed","ping_status":"closed","template":"page-templates\/page-normal.php","meta":{"_seopress_robots_primary_cat":"","_seopress_titles_title":"","_seopress_titles_desc":"","_seopress_robots_index":"","_genesis_hide_title":false,"_genesis_hide_breadcrumbs":false,"_genesis_hide_singular_image":false,"_genesis_hide_footer_widgets":false,"_genesis_custom_body_class":"","_genesis_custom_post_class":"","_genesis_layout":"","footnotes":""},"class_list":{"0":"post-328","1":"page","2":"type-page","3":"status-publish","4":"has-post-thumbnail","6":"entry"},"acf":[],"featured_image_src":"https:\/\/aceiteorovalle.com\/wp-content\/uploads\/2026\/03\/Post-para-Instagram-Agencia-Diseno-Web-Moderno-Azul-Banner-mediano-EE.-UU.-horizontal-600x400.jpg","featured_image_src_square":"https:\/\/aceiteorovalle.com\/wp-content\/uploads\/2026\/03\/Post-para-Instagram-Agencia-Diseno-Web-Moderno-Azul-Banner-mediano-EE.-UU.-horizontal-600x600.jpg","_links":{"self":[{"href":"https:\/\/aceiteorovalle.com\/fr\/wp-json\/wp\/v2\/pages\/328","targetHints":{"allow":["GET"]}}],"collection":[{"href":"https:\/\/aceiteorovalle.com\/fr\/wp-json\/wp\/v2\/pages"}],"about":[{"href":"https:\/\/aceiteorovalle.com\/fr\/wp-json\/wp\/v2\/types\/page"}],"author":[{"embeddable":true,"href":"https:\/\/aceiteorovalle.com\/fr\/wp-json\/wp\/v2\/users\/65"}],"replies":[{"embeddable":true,"href":"https:\/\/aceiteorovalle.com\/fr\/wp-json\/wp\/v2\/comments?post=328"}],"version-history":[{"count":3,"href":"https:\/\/aceiteorovalle.com\/fr\/wp-json\/wp\/v2\/pages\/328\/revisions"}],"predecessor-version":[{"id":660,"href":"https:\/\/aceiteorovalle.com\/fr\/wp-json\/wp\/v2\/pages\/328\/revisions\/660"}],"wp:featuredmedia":[{"embeddable":true,"href":"https:\/\/aceiteorovalle.com\/fr\/wp-json\/wp\/v2\/media\/778"}],"wp:attachment":[{"href":"https:\/\/aceiteorovalle.com\/fr\/wp-json\/wp\/v2\/media?parent=328"}],"curies":[{"name":"wp","href":"https:\/\/api.w.org\/{rel}","templated":true}]}}