{"id":61,"date":"2023-05-01T18:42:47","date_gmt":"2023-05-01T16:42:47","guid":{"rendered":"https:\/\/aceiteorovalle.com\/?post_type=product&#038;p=61"},"modified":"2026-03-26T11:42:00","modified_gmt":"2026-03-26T10:42:00","slug":"aceite-virgen-5-l-caja-4-unidades-orovalle","status":"publish","type":"product","link":"https:\/\/aceiteorovalle.com\/en\/product\/aceite-virgen-5-l-caja-4-unidades-orovalle\/","title":{"rendered":"Virgin oil 5 l. Orovalle"},"content":{"rendered":"<p>Valor Energ\u00e9tico\u00a0 \u00a0 \u00a0 \u00a0 900 Kcal.<br \/>\nProte\u00ednas\u00a0 \u00a0 \u00a0 \u00a0 \u00a0 \u00a0 \u00a0 \u00a0 \u00a0 \u00a00 gr.<br \/>\nHidratos de Carbono 0 gr.<br \/>\nGrasas\u00a0 \u00a0 \u00a0 \u00a0 \u00a0 \u00a0 \u00a0 \u00a0 \u00a0 \u00a0 \u00a0 \u00a0100 gr.<br \/>\nSaturadas\u00a0 \u00a0 \u00a0 \u00a0 \u00a0 \u00a0 \u00a0 \u00a0 \u00a0 14 gr.<br \/>\nMonosaturadas\u00a0 \u00a0 \u00a0 \u00a0 \u00a0 77 gr.<br \/>\nPolisaturadas\u00a0 \u00a0 \u00a0 \u00a0 \u00a0 \u00a0 \u00a09 gr.<br \/>\nColesterol\u00a0 \u00a0 \u00a0 \u00a0 \u00a0 \u00a0 \u00a0 \u00a0 \u00a0 \u00a00 gr.<br \/>\nVitamina E\u00a0 \u00a0 \u00a0 \u00a0 \u00a0 \u00a0 \u00a0 \u00a0 \u00a0 22 mg. (220% CDR)<\/p>","protected":false},"excerpt":{"rendered":"<p>Aceite de distintas variedades de aceitunas de la zona: lech\u00edn de Granada, picual, hojiblanca y gordal. Es un aceite equilibrado de sabor frutado. Este aceite virgen posee las mismas caracter\u00edsticas f\u00edsicas que el aceite de oliva virgen extra, si bien los par\u00e1metros organol\u00e9pticos manifiestan variaciones debido al estado de madurez de la aceituna.<\/p>","protected":false},"featured_media":356,"template":"","meta":{"_seopress_robots_primary_cat":"none","_seopress_titles_title":"","_seopress_titles_desc":"","_seopress_robots_index":"","_genesis_hide_title":false,"_genesis_hide_breadcrumbs":false,"_genesis_hide_singular_image":false,"_genesis_hide_footer_widgets":false,"_genesis_custom_body_class":"","_genesis_custom_post_class":"","_genesis_layout":""},"product_brand":[],"product_cat":[35,34],"product_tag":[],"class_list":{"0":"post-61","1":"product","2":"type-product","3":"status-publish","4":"has-post-thumbnail","6":"product_cat-5l","7":"product_cat-pet","8":"entry","10":"first","11":"instock","12":"shipping-taxable","13":"purchasable","14":"product-type-simple"},"acf":[],"_links":{"self":[{"href":"https:\/\/aceiteorovalle.com\/en\/wp-json\/wp\/v2\/product\/61","targetHints":{"allow":["GET"]}}],"collection":[{"href":"https:\/\/aceiteorovalle.com\/en\/wp-json\/wp\/v2\/product"}],"about":[{"href":"https:\/\/aceiteorovalle.com\/en\/wp-json\/wp\/v2\/types\/product"}],"wp:featuredmedia":[{"embeddable":true,"href":"https:\/\/aceiteorovalle.com\/en\/wp-json\/wp\/v2\/media\/356"}],"wp:attachment":[{"href":"https:\/\/aceiteorovalle.com\/en\/wp-json\/wp\/v2\/media?parent=61"}],"wp:term":[{"taxonomy":"product_brand","embeddable":true,"href":"https:\/\/aceiteorovalle.com\/en\/wp-json\/wp\/v2\/product_brand?post=61"},{"taxonomy":"product_cat","embeddable":true,"href":"https:\/\/aceiteorovalle.com\/en\/wp-json\/wp\/v2\/product_cat?post=61"},{"taxonomy":"product_tag","embeddable":true,"href":"https:\/\/aceiteorovalle.com\/en\/wp-json\/wp\/v2\/product_tag?post=61"}],"curies":[{"name":"wp","href":"https:\/\/api.w.org\/{rel}","templated":true}]}}