{"id":60,"date":"2023-05-01T18:35:12","date_gmt":"2023-05-01T16:35:12","guid":{"rendered":"https:\/\/aceiteorovalle.com\/?post_type=product&#038;p=60"},"modified":"2026-01-03T11:16:58","modified_gmt":"2026-01-03T10:16:58","slug":"virgen-extra-100-lechin-de-granada-cristal-500-ml-cristal-12-unidades-orovalle-2","status":"publish","type":"product","link":"https:\/\/aceiteorovalle.com\/en\/product\/virgen-extra-100-lechin-de-granada-cristal-500-ml-cristal-12-unidades-orovalle-2\/","title":{"rendered":"EVOO 100% LECHIN OROVALLE -Crystal 500ml"},"content":{"rendered":"<p>\u00c1CIDOS GRASOS<\/p>\n<p>\u00c1cido Ol\u00e9ico 74,41 %<br \/>\n\u00c1cido Palm\u00edtico 11.18 %<br \/>\n\u00c1cido Linoleico 8.03 %<br \/>\n\u00c1cido Este\u00e1rico 3.33 %<br \/>\nOtros 3.05 %<\/p>","protected":false},"excerpt":{"rendered":"<p>Este Aceite de Oliva Virgen Extra tiene un sabor y unos aromas \u00fanicos. Aceite monovarietal lech\u00edn de Granada, con un sabor frutado verde-maduro medio, retrogusto a aceituna madura, amargo ligero, picante medio, equilibrado. Un regalo para los cinco sentidos con notas a hierba fresca y un sabor incomparable. Adem\u00e1s de su peculiar sabor al paladar, su elevado \u00edndice de \u00e1cido oleico hace que nuestro oro l\u00edquido sea excepcional para una dieta saludable. La singularidad excepcional de este aceite, producido en el municipio gastrosaludable de El Pinar, ha sido acreditada mediante un estudio realizado por el Seminario de Estudios Gastron\u00f3micos y Enol\u00f3gicos de la Universidad de Granada. Pinos del Valle se encuentra en un enclave privilegiado, en la comarca del Valle de Lecr\u00edn, entre Granada y la Costa Tropical. La bonanza clim\u00e1tica y la experiencia milenaria en el cultivo del olivo otorgan un valor excepcional a nuestros aceites.<\/p>","protected":false},"featured_media":611,"template":"","meta":{"_seopress_robots_primary_cat":"none","_seopress_titles_title":"","_seopress_titles_desc":"","_seopress_robots_index":"","_genesis_hide_title":false,"_genesis_hide_breadcrumbs":false,"_genesis_hide_singular_image":false,"_genesis_hide_footer_widgets":false,"_genesis_custom_body_class":"","_genesis_custom_post_class":"","_genesis_layout":""},"product_brand":[],"product_cat":[32,33,18],"product_tag":[],"class_list":{"0":"post-60","1":"product","2":"type-product","3":"status-publish","4":"has-post-thumbnail","6":"product_cat-500ml","7":"product_cat-cristal","8":"product_cat-lechin","9":"entry","11":"first","12":"instock","13":"featured","14":"shipping-taxable","15":"purchasable","16":"product-type-simple"},"acf":[],"_links":{"self":[{"href":"https:\/\/aceiteorovalle.com\/en\/wp-json\/wp\/v2\/product\/60","targetHints":{"allow":["GET"]}}],"collection":[{"href":"https:\/\/aceiteorovalle.com\/en\/wp-json\/wp\/v2\/product"}],"about":[{"href":"https:\/\/aceiteorovalle.com\/en\/wp-json\/wp\/v2\/types\/product"}],"wp:featuredmedia":[{"embeddable":true,"href":"https:\/\/aceiteorovalle.com\/en\/wp-json\/wp\/v2\/media\/611"}],"wp:attachment":[{"href":"https:\/\/aceiteorovalle.com\/en\/wp-json\/wp\/v2\/media?parent=60"}],"wp:term":[{"taxonomy":"product_brand","embeddable":true,"href":"https:\/\/aceiteorovalle.com\/en\/wp-json\/wp\/v2\/product_brand?post=60"},{"taxonomy":"product_cat","embeddable":true,"href":"https:\/\/aceiteorovalle.com\/en\/wp-json\/wp\/v2\/product_cat?post=60"},{"taxonomy":"product_tag","embeddable":true,"href":"https:\/\/aceiteorovalle.com\/en\/wp-json\/wp\/v2\/product_tag?post=60"}],"curies":[{"name":"wp","href":"https:\/\/api.w.org\/{rel}","templated":true}]}}