{"id":577,"date":"2024-12-12T16:14:48","date_gmt":"2024-12-12T15:14:48","guid":{"rendered":"https:\/\/aceiteorovalle.com\/?page_id=577"},"modified":"2025-10-20T19:14:15","modified_gmt":"2025-10-20T17:14:15","slug":"el-valle-de-lecrin","status":"publish","type":"page","link":"https:\/\/aceiteorovalle.com\/en\/el-valle-de-lecrin\/","title":{"rendered":"El Valle de Lecr\u00edn"},"content":{"rendered":"<p>El Valle de Lecr\u00edn es una comarca situada al sur de Granada, en un enclave privilegiado que conecta la ciudad y Sierra Nevada con la Costa Tropical. Es por lo tanto una zona de transici\u00f3n de diferentes paisajes. Los cultivos de naranjos, limoneros, olivares y almendros, as\u00ed como las depresiones formadas por sus r\u00edos y sus pueblos blancos de callejuelas intrincadas llenos de tradici\u00f3n y de riqueza cultural, conforman un destino tur\u00edstico a consolidar que ofrece un patrimonio \u00fanico e irrepetible a lo largo de sus 460 km2.&nbsp;<\/p>\n\n\n\n<p>Los cultivos dan lugar a paisajes agrarios que act\u00faan como elemento identitario a trav\u00e9s del cual se transmite la importancia del desarrollo de actividades tradicionales representativas de la intervenci\u00f3n del hombre en la naturaleza. Su conservaci\u00f3n y puesta en valor es fundamental tanto desde el punto de vista social como tur\u00edstico. Para ello, es preciso apreciar y valorar la labor de los agricultores en el mantenimiento de los montes y los paisajes agrarios. Los cambios en la estructura productiva de la econom\u00eda y el desarrollo de nuevos productos y cultivos, adem\u00e1s de otros factores de car\u00e1cter laboral, econ\u00f3mico y urban\u00edstico, est\u00e1n provocando la p\u00e9rdida y el abandono de espacios agrarios, con lo que el paisaje puede verse impactado muy negativamente. Teniendo en cuenta que el paisaje tiene como soporte el territorio, el cual est\u00e1 sometido a continuos y profundos cambios y amenazas, se debe encontrar el equilibrio perfecto entre la protecci\u00f3n de los bienes patrimoniales de tipo agrario y ambiental y las nuevas formas de desarrollo econ\u00f3mico y urbano de la sociedad rural tradicional.&nbsp;<\/p>\n\n\n\n<p>Nuestros pueblos funcionan como balcones a nuestro Valle de Lecr\u00edn y nos ofrecen la posibilidad de disfrutar de panor\u00e1micas inigualables desde miradores que condensan la variada y singular belleza de esta comarca. El escritor, fil\u00f3sofo y naturalista estadounidense Ralph Waldo Emerson dec\u00eda que \u201cEl paisaje pertenece a quien lo mira\u201d. Los paisajes del Valle de Lecr\u00edn nos pertenecen, nos definen y nos recuerdan nuestra posici\u00f3n privilegiada y la riqueza natural con la que vivimos. Los visitantes acuden a este destino rural en busca de paz, de tranquilidad, de aire libre y de belleza. Y la belleza se encuentra, entre otros lugares, en nuestros paisajes. Paisajes plagados de matices que nos cuentan nuestra historia pasada y que nos empujan a continuar escribi\u00e9ndola para que en el futuro podamos seguir disfrutando de estos paisajes de la mejor forma posible.<\/p>","protected":false},"excerpt":{"rendered":"<p>El Valle de Lecr\u00edn es una comarca situada al sur de Granada, en un enclave privilegiado que conecta la ciudad y Sierra Nevada con la Costa Tropical. Es por lo tanto una zona de transici\u00f3n de diferentes paisajes. Los cultivos de naranjos, limoneros, olivares y almendros, as\u00ed como las depresiones formadas por sus r\u00edos y [&hellip;]<\/p>\n","protected":false},"author":65,"featured_media":668,"parent":0,"menu_order":0,"comment_status":"closed","ping_status":"closed","template":"","meta":{"_seopress_robots_primary_cat":"","_seopress_titles_title":"","_seopress_titles_desc":"","_seopress_robots_index":"","_genesis_hide_title":false,"_genesis_hide_breadcrumbs":false,"_genesis_hide_singular_image":false,"_genesis_hide_footer_widgets":false,"_genesis_custom_body_class":"","_genesis_custom_post_class":"","_genesis_layout":"","footnotes":""},"class_list":{"0":"post-577","1":"page","2":"type-page","3":"status-publish","4":"has-post-thumbnail","6":"entry"},"acf":[],"featured_image_src":"https:\/\/aceiteorovalle.com\/wp-content\/uploads\/2025\/10\/Post-para-Instagram-Agencia-Diseno-Web-Moderno-Azul-Banner-mediano-EE.-UU.-horizontal-3-scaled.jpg","featured_image_src_square":"https:\/\/aceiteorovalle.com\/wp-content\/uploads\/2025\/10\/Post-para-Instagram-Agencia-Diseno-Web-Moderno-Azul-Banner-mediano-EE.-UU.-horizontal-3-scaled.jpg","_links":{"self":[{"href":"https:\/\/aceiteorovalle.com\/en\/wp-json\/wp\/v2\/pages\/577","targetHints":{"allow":["GET"]}}],"collection":[{"href":"https:\/\/aceiteorovalle.com\/en\/wp-json\/wp\/v2\/pages"}],"about":[{"href":"https:\/\/aceiteorovalle.com\/en\/wp-json\/wp\/v2\/types\/page"}],"author":[{"embeddable":true,"href":"https:\/\/aceiteorovalle.com\/en\/wp-json\/wp\/v2\/users\/65"}],"replies":[{"embeddable":true,"href":"https:\/\/aceiteorovalle.com\/en\/wp-json\/wp\/v2\/comments?post=577"}],"version-history":[{"count":1,"href":"https:\/\/aceiteorovalle.com\/en\/wp-json\/wp\/v2\/pages\/577\/revisions"}],"predecessor-version":[{"id":578,"href":"https:\/\/aceiteorovalle.com\/en\/wp-json\/wp\/v2\/pages\/577\/revisions\/578"}],"wp:featuredmedia":[{"embeddable":true,"href":"https:\/\/aceiteorovalle.com\/en\/wp-json\/wp\/v2\/media\/668"}],"wp:attachment":[{"href":"https:\/\/aceiteorovalle.com\/en\/wp-json\/wp\/v2\/media?parent=577"}],"curies":[{"name":"wp","href":"https:\/\/api.w.org\/{rel}","templated":true}]}}